{"id":33637,"date":"2015-06-02T09:23:54","date_gmt":"2015-06-02T07:23:54","guid":{"rendered":"http:\/\/www.pasteris.it\/blog\/?page_id=33637"},"modified":"2016-01-27T19:17:55","modified_gmt":"2016-01-27T17:17:55","slug":"informativa-su-privacy-e-uso-dei-cookie","status":"publish","type":"page","link":"https:\/\/www.pasteris.it\/blog\/archivi\/informativa-su-privacy-e-uso-dei-cookie\/","title":{"rendered":"Informativa su  privacy e uso dei cookie"},"content":{"rendered":"<div id=\"content\" class=\"twelvecol\">\n<div id=\"main\" class=\"eightcol\">\n<div class=\"container\">\n<h3><strong>Informativa sulla privacy<\/strong><\/h3>\n<div class=\"pf-content\">\n<p>Questo sito ai sensi dell\u2019art. 13 del D.lgs 196\/03 \u201cCodice in materia di protezione dei dati personali\u201d, informa che i dati personali forniti in qualunque forma, potranno essere trattati, nel rispetto della normativa vigente, esclusivamente per fini inerenti la migliore utilizzazione del sito.<\/p>\n<p>Il trattamento dei dati \u00e8 soggetto a esplicito consenso, che potr\u00e0 essere revocato in qualsiasi momento, su semplice richiesta e che invitiamo tutti a prestare nel primo messaggio postato sul sito.<\/p>\n<p>Senza il consenso questo sito non potr\u00e0 coinvolgere gli utenti nelle iniziative n\u00e8 inviare comunicazioni.<\/p>\n<p>Questo sito\u00a0utilizza cookies per gestire le autenticazioni, la navigazione, e per altre funzioni. Utilizzando il nostro sito accetti il fatto che possiamo caricare questo tipo di cookies nel tuo dispositivo.<\/p>\n<p><strong>Definizione dei Cookie<\/strong><\/p>\n<p>I cookie sono piccoli file di testo che i siti visitati dall\u2019utente inviano al suo terminale (solitamente al browser), dove vengono memorizzati per essere poi ritrasmessi agli stessi siti alla successiva visita del medesimo utente. Nel corso della navigazione su un sito, l\u2019utente pu\u00f2 ricevere sul suo terminale anche cookie di siti o di web server diversi (c.d. cookie di \u201cterze parti\u201d); ci\u00f2 accade perch\u00e9 sul sito web visitato possono essere presenti elementi come, ad esempio, immagini, mappe, suoni, specifici link a pagine web di altri domini che risiedono su server diversi da quello sul quale si trova la pagina richiesta.<\/p>\n<p>Possiamo distinguere due categorie: cookie \u201ctecnici\u201d e cookie di \u201cprofilazione\u201d.<\/p>\n<p><strong>Cookie tecnici<\/strong><\/p>\n<p>I cookie tecnici sono quelli utilizzati al solo fine di \u201ceffettuare la trasmissione di una comunicazione su una rete di comunicazione elettronica, o nella misura strettamente necessaria al fornitore di un servizio della societ\u00e0 dell\u2019informazione esplicitamente richiesto dall\u2019abbonato o dall\u2019utente a erogare tale servizio\u201d (cfr. art. 122, comma 1, del Codice della Privacy). Possono essere suddivisi in<\/p>\n<ul>\n<li><em>cookie di navigazione o di sessione<\/em>, che garantiscono la normale navigazione e fruizione del sito web.<\/li>\n<li><em>cookie analytics<\/em>, assimilati ai cookie tecnici laddove utilizzati direttamente dal gestore del sito per raccogliere informazioni, in forma aggregata, sul numero degli utenti e su come questi visitano il sito stesso. Tutte le informazioni raccolte da questi cookie sono anonime e non collegate ai dati personali dell\u2019utente.<\/li>\n<li><em>cookie di funzionalit\u00e0<\/em>, che permettono all\u2019utente la navigazione in funzione di una serie di criteri selezionati (ad esempio, la lingua) al fine di migliorare il servizio reso allo stesso.<\/li>\n<\/ul>\n<p><strong>Cookie di profilazione<\/strong>.<\/p>\n<p>I cookie di profilazione sono volti a creare profili relativi all\u2019utente e vengono utilizzati al fine di inviare messaggi pubblicitari in linea con le preferenze manifestate dallo stesso nell\u2019ambito della navigazione in rete.<\/p>\n<p>Un\u2019altra caratteristica dei cookie \u00e8 quella di essere di <em>sessione<\/em> o <em>permanenti<\/em>.<\/p>\n<p>I cookie di<em> sessione<\/em> vengono archiviati temporaneamente nella memoria del computer durante la navigazione di un sito, ad esempio, per tenere traccia della lingua scelta. I cookie di sessione rimangono memorizzati nel computer per un breve periodo di tempo. Vengono infatti eliminati non appena l\u2019utente chiude il browser Web.<\/p>\n<div id=\"stcpDiv\">I cookie<em> permanenti<\/em> salvano un file sul computer per un lungo periodo di tempo. Questo tipo di cookie possiede una data di scadenza. I cookie permanenti consentono ai siti Web di ricordare informazioni e impostazioni alle successive visite degli utenti, rendendo cos\u00ec la navigazione pi\u00f9 pratica e rapida, poich\u00e9, ad esempio, non \u00e8 pi\u00f9 necessario effettuare l\u2019accesso.<\/div>\n<div><\/div>\n<div>\n<p><strong>Come modificare le impostazioni dei cookie<\/strong><\/p>\n<p>Una breve guida per i diversi browser per modificare le impostazioni dei cookie.<\/p>\n<ul>\n<li><a href=\"https:\/\/support.google.com\/chrome\/bin\/answer.py?hl=it&amp;answer=95647&amp;topic=14666&amp;ctx=topic\">Chrome<\/a><\/li>\n<li><a href=\"http:\/\/support.mozilla.org\/it\/kb\/Attivare%20e%20disattivare%20i%20cookie\">Firefox<\/a><\/li>\n<li><a href=\"http:\/\/windows.microsoft.com\/it-it\/windows-vista\/block-or-allow-cookies\">Internet Explorer<\/a><\/li>\n<li><a href=\"http:\/\/www.opera.com\/browser\/tutorials\/security\/privacy\/\">Opera<\/a><\/li>\n<li><a href=\"http:\/\/www.apple.com\/it\/support\/\" target=\"_blank\">Safari<\/a><\/li>\n<\/ul>\n<p><strong>Per saperne di pi\u00f9 sui cookies<\/strong><\/p>\n<ul>\n<li><a href=\"http:\/\/www.allaboutcookies.org\/\" target=\"_blank\">Allaboutcookies.org<\/a><\/li>\n<li><a href=\"https:\/\/www.cookiechoices.org\" target=\"_blank\">Cookiechoices.org<\/a><\/li>\n<li><a href=\"http:\/\/www.cookiepedia.co.uk\/\" target=\"_blank\">Cookiepedia<\/a><\/li>\n<li><a href=\"http:\/\/Esplora%20il%20significato%20del%20termine:%20www.youronlinechoices.eu\/it\/%20www.youronlinechoices.eu\/it\/\" target=\"_blank\">Youronlinechoices<\/a><\/li>\n<\/ul>\n<\/div>\n<\/div>\n<\/div>\n<\/div>\n<\/div>\n","protected":false},"excerpt":{"rendered":"<p>Informativa sulla privacy Questo sito ai sensi dell\u2019art. 13 del D.lgs 196\/03 \u201cCodice in materia di protezione dei dati personali\u201d, informa che i dati personali forniti in qualunque forma, potranno essere trattati, nel rispetto della normativa vigente, esclusivamente per fini inerenti la migliore utilizzazione del sito. Il trattamento dei dati \u00e8 soggetto a esplicito consenso, &#8230; <a title=\"Informativa su  privacy e uso dei cookie\" class=\"read-more\" href=\"https:\/\/www.pasteris.it\/blog\/archivi\/informativa-su-privacy-e-uso-dei-cookie\/\" aria-label=\"Per saperne di pi\u00f9 su Informativa su  privacy e uso dei cookie\">Leggi tutto<\/a><\/p>\n","protected":false},"author":3,"featured_media":0,"parent":1743,"menu_order":0,"comment_status":"open","ping_status":"open","template":"","meta":{"footnotes":""},"class_list":["post-33637","page","type-page","status-publish"],"_links":{"self":[{"href":"https:\/\/www.pasteris.it\/blog\/wp-json\/wp\/v2\/pages\/33637","targetHints":{"allow":["GET"]}}],"collection":[{"href":"https:\/\/www.pasteris.it\/blog\/wp-json\/wp\/v2\/pages"}],"about":[{"href":"https:\/\/www.pasteris.it\/blog\/wp-json\/wp\/v2\/types\/page"}],"author":[{"embeddable":true,"href":"https:\/\/www.pasteris.it\/blog\/wp-json\/wp\/v2\/users\/3"}],"replies":[{"embeddable":true,"href":"https:\/\/www.pasteris.it\/blog\/wp-json\/wp\/v2\/comments?post=33637"}],"version-history":[{"count":1,"href":"https:\/\/www.pasteris.it\/blog\/wp-json\/wp\/v2\/pages\/33637\/revisions"}],"predecessor-version":[{"id":33638,"href":"https:\/\/www.pasteris.it\/blog\/wp-json\/wp\/v2\/pages\/33637\/revisions\/33638"}],"up":[{"embeddable":true,"href":"https:\/\/www.pasteris.it\/blog\/wp-json\/wp\/v2\/pages\/1743"}],"wp:attachment":[{"href":"https:\/\/www.pasteris.it\/blog\/wp-json\/wp\/v2\/media?parent=33637"}],"curies":[{"name":"wp","href":"https:\/\/api.w.org\/{rel}","templated":true}]}}